{"id":3657,"date":"2021-11-02T13:30:36","date_gmt":"2021-11-02T13:30:36","guid":{"rendered":"https:\/\/tmklovers.com\/?page_id=3657"},"modified":"2021-11-02T13:30:39","modified_gmt":"2021-11-02T13:30:39","slug":"politica-de-cookies","status":"publish","type":"page","link":"https:\/\/tmklovers.com\/en\/politica-de-cookies\/","title":{"rendered":"Pol\u00edtica de Cookies"},"content":{"rendered":"<p><strong>Cookies de an\u00e1lisis \u2013<\/strong>&nbsp;Son aqu\u00e9llas que bien tratadas por nosotros o por terceros, nos permiten cuantificar el n\u00famero de usuarios y as\u00ed realizar la medici\u00f3n y an\u00e1lisis estad\u00edstico de la utilizaci\u00f3n que hacen los usuarios del servicio ofertado. Para ello se analiza su navegaci\u00f3n en nuestra p\u00e1gina web con el fin de mejorar la oferta de productos o servicios que le ofrecemos.<\/p>\n\n\n\n<p><strong>Cookies publicitarias \u2013<\/strong>&nbsp;Son aqu\u00e9llas que, bien tratadas por nosotros o por terceros, nos permiten gestionar de la forma m\u00e1s eficaz posible la oferta de los espacios publicitarios que hay en la p\u00e1gina web, adecuando el contenido del anuncio al contenido del servicio solicitado o al uso que realice de nuestra p\u00e1gina web. Para ello podemos analizar sus h\u00e1bitos de navegaci\u00f3n en Internet y podemos mostrarle publicidad relacionada con su perfil de navegaci\u00f3n.<\/p>\n\n\n\n<p><strong>C\u00d3MO DESACTIVAR LAS COOKIES<\/strong><\/p>\n\n\n\n<p>Puede usted permitir, bloquear o eliminar las cookies instaladas en su equipo mediante la configuraci\u00f3n de las opciones del navegador instalado en su ordenador.<\/p>\n\n\n\n<p>A continuaci\u00f3n puede acceder a la configuraci\u00f3n de los navegadores webs m\u00e1s frecuentes para aceptar, instalar o desactivar las cookies:<\/p>\n\n\n\n<ul class=\"wp-block-list\"><li><a href=\"http:\/\/support.mozilla.org\/es\/kb\/habilitar-y-deshabilitar-cookies-que-los-sitios-we\">Firefox<\/a><\/li><li><a href=\"http:\/\/support.apple.com\/kb\/HT1677?viewlocale=es_ES\">Safari<\/a><\/li><li><a href=\"https:\/\/support.google.com\/chrome\/answer\/95647?hl=es\">Google Chrome<\/a><\/li><li>Firefox desde aqu\u00ed:&nbsp;<a href=\"http:\/\/support.mozilla.org\/es\/kb\/habilitar-y-deshabilitar-cookies-que-los-sitios-we\">http:\/\/support.mozilla.org\/es\/kb\/habilitar-y-deshabilitar-cookies-que-los-sitios-we<\/a><\/li><li>Chrome desde aqu\u00ed:&nbsp;<a href=\"http:\/\/support.google.com\/chrome\/bin\/answer.py?hl=es&amp;answer=95647\">http:\/\/support.google.com\/chrome\/bin\/answer.py?hl=es&amp;answer=95647<\/a><\/li><li>Explorer desde aqu\u00ed:&nbsp;<a href=\"http:\/\/windows.microsoft.com\/es-es\/windows7\/how-to-manage-cookies-in-internet-explorer-9\">http:\/\/windows.microsoft.com\/es-es\/windows7\/how-to-manage-cookies-in-internet-explorer-9<\/a><\/li><li>Safari desde aqu\u00ed:&nbsp;<a href=\"http:\/\/support.apple.com\/kb\/ph5042\">http:\/\/support.apple.com\/kb\/ph5042<\/a><\/li><li>Opera desde aqu\u00ed:&nbsp;<a href=\"http:\/\/help.opera.com\/Windows\/11.50\/es-ES\/cookies.html\">http:\/\/help.opera.com\/Windows\/11.50\/es-ES\/cookies.html<\/a><\/li><\/ul>\n\n\n\n<p><strong>COOKIES DE TERCEROS<\/strong><\/p>\n\n\n\n<p>Esta p\u00e1gina web utiliza servicios de terceros para recopilar informaci\u00f3n con fines estad\u00edsticos y de uso de la web.<\/p>\n\n\n\n<p><strong>DESHABILITAN LAS COOKIES<\/strong><\/p>\n\n\n\n<p>En el caso de bloquear o no aceptar la instalaci\u00f3n de cookies es posible que ciertos servicios ofrecidos por nuestro sitio web que necesitan su uso queden deshabilitados y, por lo tanto, no est\u00e9n disponibles para usted por lo que no podr\u00e1 aprovechar por completo todo lo que nuestras webs y aplicaciones le ofrecen. Es posible tambi\u00e9n que la calidad de funcionamiento de la p\u00e1gina web pueda disminuir.<\/p>","protected":false},"excerpt":{"rendered":"<p>Cookies de an\u00e1lisis \u2013&nbsp;Son aqu\u00e9llas que bien tratadas por nosotros o por terceros, nos permiten cuantificar el n\u00famero de usuarios y as\u00ed realizar la medici\u00f3n y an\u00e1lisis estad\u00edstico de la utilizaci\u00f3n que hacen los usuarios del servicio ofertado. Para ello se analiza su navegaci\u00f3n en nuestra p\u00e1gina web con el fin de mejorar la oferta &#8230; <a title=\"Pol\u00edtica de Cookies\" class=\"read-more\" href=\"https:\/\/tmklovers.com\/en\/politica-de-cookies\/\" aria-label=\"Read more about Pol\u00edtica de Cookies\">Read more<\/a><\/p>","protected":false},"author":4,"featured_media":0,"parent":0,"menu_order":0,"comment_status":"closed","ping_status":"closed","template":"","meta":{"footnotes":""},"class_list":["post-3657","page","type-page","status-publish"],"yoast_head":"<!-- This site is optimized with the Yoast SEO plugin v27.4 - https:\/\/yoast.com\/product\/yoast-seo-wordpress\/ -->\n<title>Pol\u00edtica de Cookies - Apasionados por las marcas<\/title>\n<meta name=\"robots\" content=\"index, follow, max-snippet:-1, max-image-preview:large, max-video-preview:-1\" \/>\n<link rel=\"canonical\" href=\"https:\/\/tmklovers.com\/en\/politica-de-cookies\/\" \/>\n<meta property=\"og:locale\" content=\"en_US\" \/>\n<meta property=\"og:type\" content=\"article\" \/>\n<meta property=\"og:title\" content=\"Pol\u00edtica de Cookies - Apasionados por las marcas\" \/>\n<meta property=\"og:description\" content=\"Cookies de an\u00e1lisis \u2013&nbsp;Son aqu\u00e9llas que bien tratadas por nosotros o por terceros, nos permiten cuantificar el n\u00famero de usuarios y as\u00ed realizar la medici\u00f3n y an\u00e1lisis estad\u00edstico de la utilizaci\u00f3n que hacen los usuarios del servicio ofertado. Para ello se analiza su navegaci\u00f3n en nuestra p\u00e1gina web con el fin de mejorar la oferta ... Read more\" \/>\n<meta property=\"og:url\" content=\"https:\/\/tmklovers.com\/en\/politica-de-cookies\/\" \/>\n<meta property=\"og:site_name\" content=\"Apasionados por las marcas\" \/>\n<meta property=\"article:modified_time\" content=\"2021-11-02T13:30:39+00:00\" \/>\n<meta property=\"og:image\" content=\"https:\/\/tmklovers.com\/wp-content\/uploads\/2021\/06\/favicon1.png\" \/>\n\t<meta property=\"og:image:width\" content=\"200\" \/>\n\t<meta property=\"og:image:height\" content=\"200\" \/>\n\t<meta property=\"og:image:type\" content=\"image\/png\" \/>\n<meta name=\"twitter:card\" content=\"summary_large_image\" \/>\n<meta name=\"twitter:label1\" content=\"Est. reading time\" \/>\n\t<meta name=\"twitter:data1\" content=\"2 minutes\" \/>\n<script type=\"application\/ld+json\" class=\"yoast-schema-graph\">{\"@context\":\"https:\\\/\\\/schema.org\",\"@graph\":[{\"@type\":\"WebPage\",\"@id\":\"https:\\\/\\\/tmklovers.com\\\/politica-de-cookies\\\/\",\"url\":\"https:\\\/\\\/tmklovers.com\\\/politica-de-cookies\\\/\",\"name\":\"Pol\u00edtica de Cookies - Apasionados por las marcas\",\"isPartOf\":{\"@id\":\"https:\\\/\\\/tmklovers.com\\\/#website\"},\"datePublished\":\"2021-11-02T13:30:36+00:00\",\"dateModified\":\"2021-11-02T13:30:39+00:00\",\"breadcrumb\":{\"@id\":\"https:\\\/\\\/tmklovers.com\\\/politica-de-cookies\\\/#breadcrumb\"},\"inLanguage\":\"en-US\",\"potentialAction\":[{\"@type\":\"ReadAction\",\"target\":[\"https:\\\/\\\/tmklovers.com\\\/politica-de-cookies\\\/\"]}]},{\"@type\":\"BreadcrumbList\",\"@id\":\"https:\\\/\\\/tmklovers.com\\\/politica-de-cookies\\\/#breadcrumb\",\"itemListElement\":[{\"@type\":\"ListItem\",\"position\":1,\"name\":\"Inicio\",\"item\":\"https:\\\/\\\/tmklovers.com\\\/\"},{\"@type\":\"ListItem\",\"position\":2,\"name\":\"Pol\u00edtica de Cookies\"}]},{\"@type\":\"WebSite\",\"@id\":\"https:\\\/\\\/tmklovers.com\\\/#website\",\"url\":\"https:\\\/\\\/tmklovers.com\\\/\",\"name\":\"Apasionados por las marcas\",\"description\":\"La forma correcta de registrar tu marca.\",\"publisher\":{\"@id\":\"https:\\\/\\\/tmklovers.com\\\/#organization\"},\"potentialAction\":[{\"@type\":\"SearchAction\",\"target\":{\"@type\":\"EntryPoint\",\"urlTemplate\":\"https:\\\/\\\/tmklovers.com\\\/?s={search_term_string}\"},\"query-input\":{\"@type\":\"PropertyValueSpecification\",\"valueRequired\":true,\"valueName\":\"search_term_string\"}}],\"inLanguage\":\"en-US\"},{\"@type\":\"Organization\",\"@id\":\"https:\\\/\\\/tmklovers.com\\\/#organization\",\"name\":\"Apasionados por las Marcas\",\"url\":\"https:\\\/\\\/tmklovers.com\\\/\",\"logo\":{\"@type\":\"ImageObject\",\"inLanguage\":\"en-US\",\"@id\":\"https:\\\/\\\/tmklovers.com\\\/#\\\/schema\\\/logo\\\/image\\\/\",\"url\":\"https:\\\/\\\/tmklovers.com\\\/wp-content\\\/uploads\\\/2021\\\/06\\\/favicon1.png\",\"contentUrl\":\"https:\\\/\\\/tmklovers.com\\\/wp-content\\\/uploads\\\/2021\\\/06\\\/favicon1.png\",\"width\":200,\"height\":200,\"caption\":\"Apasionados por las Marcas\"},\"image\":{\"@id\":\"https:\\\/\\\/tmklovers.com\\\/#\\\/schema\\\/logo\\\/image\\\/\"}}]}<\/script>\n<!-- \/ Yoast SEO plugin. -->","yoast_head_json":{"title":"Pol\u00edtica de Cookies - Apasionados por las marcas","robots":{"index":"index","follow":"follow","max-snippet":"max-snippet:-1","max-image-preview":"max-image-preview:large","max-video-preview":"max-video-preview:-1"},"canonical":"https:\/\/tmklovers.com\/en\/politica-de-cookies\/","og_locale":"en_US","og_type":"article","og_title":"Pol\u00edtica de Cookies - Apasionados por las marcas","og_description":"Cookies de an\u00e1lisis \u2013&nbsp;Son aqu\u00e9llas que bien tratadas por nosotros o por terceros, nos permiten cuantificar el n\u00famero de usuarios y as\u00ed realizar la medici\u00f3n y an\u00e1lisis estad\u00edstico de la utilizaci\u00f3n que hacen los usuarios del servicio ofertado. Para ello se analiza su navegaci\u00f3n en nuestra p\u00e1gina web con el fin de mejorar la oferta ... Read more","og_url":"https:\/\/tmklovers.com\/en\/politica-de-cookies\/","og_site_name":"Apasionados por las marcas","article_modified_time":"2021-11-02T13:30:39+00:00","og_image":[{"width":200,"height":200,"url":"https:\/\/tmklovers.com\/wp-content\/uploads\/2021\/06\/favicon1.png","type":"image\/png"}],"twitter_card":"summary_large_image","twitter_misc":{"Est. reading time":"2 minutes"},"schema":{"@context":"https:\/\/schema.org","@graph":[{"@type":"WebPage","@id":"https:\/\/tmklovers.com\/politica-de-cookies\/","url":"https:\/\/tmklovers.com\/politica-de-cookies\/","name":"Pol\u00edtica de Cookies - Apasionados por las marcas","isPartOf":{"@id":"https:\/\/tmklovers.com\/#website"},"datePublished":"2021-11-02T13:30:36+00:00","dateModified":"2021-11-02T13:30:39+00:00","breadcrumb":{"@id":"https:\/\/tmklovers.com\/politica-de-cookies\/#breadcrumb"},"inLanguage":"en-US","potentialAction":[{"@type":"ReadAction","target":["https:\/\/tmklovers.com\/politica-de-cookies\/"]}]},{"@type":"BreadcrumbList","@id":"https:\/\/tmklovers.com\/politica-de-cookies\/#breadcrumb","itemListElement":[{"@type":"ListItem","position":1,"name":"Inicio","item":"https:\/\/tmklovers.com\/"},{"@type":"ListItem","position":2,"name":"Pol\u00edtica de Cookies"}]},{"@type":"WebSite","@id":"https:\/\/tmklovers.com\/#website","url":"https:\/\/tmklovers.com\/","name":"Apasionados por las marcas","description":"La forma correcta de registrar tu marca.","publisher":{"@id":"https:\/\/tmklovers.com\/#organization"},"potentialAction":[{"@type":"SearchAction","target":{"@type":"EntryPoint","urlTemplate":"https:\/\/tmklovers.com\/?s={search_term_string}"},"query-input":{"@type":"PropertyValueSpecification","valueRequired":true,"valueName":"search_term_string"}}],"inLanguage":"en-US"},{"@type":"Organization","@id":"https:\/\/tmklovers.com\/#organization","name":"Apasionados por las Marcas","url":"https:\/\/tmklovers.com\/","logo":{"@type":"ImageObject","inLanguage":"en-US","@id":"https:\/\/tmklovers.com\/#\/schema\/logo\/image\/","url":"https:\/\/tmklovers.com\/wp-content\/uploads\/2021\/06\/favicon1.png","contentUrl":"https:\/\/tmklovers.com\/wp-content\/uploads\/2021\/06\/favicon1.png","width":200,"height":200,"caption":"Apasionados por las Marcas"},"image":{"@id":"https:\/\/tmklovers.com\/#\/schema\/logo\/image\/"}}]}},"_links":{"self":[{"href":"https:\/\/tmklovers.com\/en\/wp-json\/wp\/v2\/pages\/3657","targetHints":{"allow":["GET"]}}],"collection":[{"href":"https:\/\/tmklovers.com\/en\/wp-json\/wp\/v2\/pages"}],"about":[{"href":"https:\/\/tmklovers.com\/en\/wp-json\/wp\/v2\/types\/page"}],"author":[{"embeddable":true,"href":"https:\/\/tmklovers.com\/en\/wp-json\/wp\/v2\/users\/4"}],"replies":[{"embeddable":true,"href":"https:\/\/tmklovers.com\/en\/wp-json\/wp\/v2\/comments?post=3657"}],"version-history":[{"count":1,"href":"https:\/\/tmklovers.com\/en\/wp-json\/wp\/v2\/pages\/3657\/revisions"}],"predecessor-version":[{"id":3658,"href":"https:\/\/tmklovers.com\/en\/wp-json\/wp\/v2\/pages\/3657\/revisions\/3658"}],"wp:attachment":[{"href":"https:\/\/tmklovers.com\/en\/wp-json\/wp\/v2\/media?parent=3657"}],"curies":[{"name":"wp","href":"https:\/\/api.w.org\/{rel}","templated":true}]}}