{"id":2960,"date":"2021-06-25T03:36:57","date_gmt":"2021-06-25T03:36:57","guid":{"rendered":"https:\/\/tmklovers.com\/?page_id=2960"},"modified":"2021-06-25T03:40:17","modified_gmt":"2021-06-25T03:40:17","slug":"politicas-de-privacidad","status":"publish","type":"page","link":"https:\/\/tmklovers.com\/en\/politicas-de-privacidad\/","title":{"rendered":"Pol\u00edticas de Privacidad"},"content":{"rendered":"<div data-elementor-type=\"wp-page\" data-elementor-id=\"2960\" class=\"elementor elementor-2960\" data-elementor-post-type=\"page\">\n\t\t\t\t\t\t<section class=\"elementor-section elementor-top-section elementor-element elementor-element-c3a1852 elementor-section-boxed elementor-section-height-default elementor-section-height-default\" data-id=\"c3a1852\" data-element_type=\"section\" data-e-type=\"section\">\n\t\t\t\t\t\t<div class=\"elementor-container elementor-column-gap-default\">\n\t\t\t\t\t<div class=\"elementor-column elementor-col-100 elementor-top-column elementor-element elementor-element-3ed25e6\" data-id=\"3ed25e6\" data-element_type=\"column\" data-e-type=\"column\">\n\t\t\t<div class=\"elementor-widget-wrap elementor-element-populated\">\n\t\t\t\t\t\t<div class=\"elementor-element elementor-element-b02e3ed elementor-widget elementor-widget-heading\" data-id=\"b02e3ed\" data-element_type=\"widget\" data-e-type=\"widget\" data-widget_type=\"heading.default\">\n\t\t\t\t<div class=\"elementor-widget-container\">\n\t\t\t\t\t<h2 class=\"elementor-heading-title elementor-size-default\">Aviso de Privacidad<\/h2>\t\t\t\t<\/div>\n\t\t\t\t<\/div>\n\t\t\t\t<div class=\"elementor-element elementor-element-e5a42e3 elementor-widget elementor-widget-text-editor\" data-id=\"e5a42e3\" data-element_type=\"widget\" data-e-type=\"widget\" data-widget_type=\"text-editor.default\">\n\t\t\t\t<div class=\"elementor-widget-container\">\n\t\t\t\t\t\t\t\t\t<p><span style=\"font-weight: 400;\">TRADEMARK LOVERS, SOCIEDAD CIVIL (TRADEMARK LOVERS), con domicilio en Pafnuncio Padilla No.26 Piso 3 , Ciudad Sat\u00e9lite, Naucalpan de Ju\u00e1rez, Estado de M\u00e9xico, M\u00e9xico, C\u00f3digo Postal 53100, es el responsable del uso y protecci\u00f3n de sus datos personales, y al respecto le informamos lo siguiente:<\/span><\/p><p><span style=\"font-weight: 400;\">\u00bfPara qu\u00e9 fines utilizaremos sus datos personales?<\/span><\/p><p><span style=\"font-weight: 400;\">Los datos personales que recabamos de usted, los utilizaremos para las siguientes finalidades que son necesarias para el servicio que solicita:<\/span><\/p><ul><li><span style=\"font-weight: 400;\"> Verificar y confirmar su identidad, as\u00ed como la autenticidad de la informaci\u00f3n que nos proporciona, para contar con un registro que permita identificar con precisi\u00f3n a quien solicita el tr\u00e1mite o servicio.<\/span><\/li><\/ul><ul><li><span style=\"font-weight: 400;\"> Acreditar los requisitos necesarios para acceder a la plataforma que detalla los servicios que ofrece TRADEMARK LOVERS.<\/span><\/li><\/ul><ul><li><span style=\"font-weight: 400;\"> Realizar todos los movimientos con motivo del tr\u00e1mite o servicio que solicita desde su ingreso hasta su baja.<\/span><\/li><\/ul><ul><li><span style=\"font-weight: 400;\"> Integrar expedientes y bases de datos necesarias para el otorgamiento y operaci\u00f3n de los servicios que se contraten, as\u00ed como las obligaciones que se deriven de los mismos.<\/span><\/li><\/ul><ul><li><span style=\"font-weight: 400;\"> Mantener una base hist\u00f3rica con fines estad\u00edsticos. De manera adicional, utilizaremos su informaci\u00f3n personal para las siguientes finalidades que no son necesarias para el servicio solicitado, pero que nos permiten y facilitan brindarle una mejor atenci\u00f3n:<\/span><\/li><\/ul><p><span style=\"font-weight: 400;\">Actividades complementarias necesarias para la realizaci\u00f3n de las finalidades que se se\u00f1alaron anteriormente; el tratamiento de datos personales ser\u00e1 el que resulte necesario, adecuado y relevante en relaci\u00f3n con las finalidades previstas en este Aviso de Privacidad, sin que sean utilizados con fines distintos a los se\u00f1alados.<\/span><\/p><p><span style=\"font-weight: 400;\">En caso de que no desee que sus datos personales sean tratados para estos fines adicionales, desde este momento usted nos puede comunicar lo anterior, mediante comunicaci\u00f3n escrita al domicilio de TRADEMARK LOVERS o bien mediante correo electr\u00f3nico que cuente con acuse de recibo a <\/span><a href=\"mailto:contacto@trademarklovers.com\"><span style=\"font-weight: 400;\">contacto@trademarklovers.com<\/span><\/a><span style=\"font-weight: 400;\"> en donde usted podr\u00e1 negar el uso de sus datos personales.<\/span><\/p><p><span style=\"font-weight: 400;\">La negativa para el uso de sus datos personales para estas finalidades no podr\u00e1 ser un motivo para que le neguemos los servicios y productos que solicita o contrata con nosotros.<\/span><\/p><p><span style=\"font-weight: 400;\">\u00bfQu\u00e9 datos personales utilizaremos para estos fines?<\/span><\/p><p><span style=\"font-weight: 400;\">Para llevar a cabo las finalidades descritas en el presente aviso de privacidad, de manera enunciativa m\u00e1s no limitativa, utilizaremos los siguientes datos personales:\u00a0<\/span><\/p><ul><li><span style=\"font-weight: 400;\"> Datos de identificaci\u00f3n personal: nombre completo, denominaci\u00f3n o raz\u00f3n social, domicilio, tel\u00e9fono (fijo y m\u00f3vil), correo electr\u00f3nico, firma aut\u00f3grafa, clave del Registro Federal de Contribuyentes (RFC); Clave \u00danica de Registro de Poblaci\u00f3n (CURP), estado civil, r\u00e9gimen matrimonial, edad, fecha de nacimiento, nacionalidad.<\/span><\/li><\/ul><ol><li style=\"font-weight: 400;\" aria-level=\"1\"><span style=\"font-weight: 400;\">Informaci\u00f3n profesional y laboral;<\/span><\/li><li style=\"font-weight: 400;\" aria-level=\"1\"><span style=\"font-weight: 400;\">Informaci\u00f3n del producto o servicio a proteger;<\/span><\/li><li style=\"font-weight: 400;\" aria-level=\"1\"><span style=\"font-weight: 400;\">Informaci\u00f3n confidencial derivada de los incisos anteriores;<\/span><\/li><li style=\"font-weight: 400;\" aria-level=\"1\"><span style=\"font-weight: 400;\">Informaci\u00f3n financiera, bancaria y patrimonial.<\/span><\/li><\/ol><p><span style=\"font-weight: 400;\">De manera adicional, los datos personales que se recaben, podr\u00e1n ser utilizados en actividades complementarias necesarias para la realizaci\u00f3n de las finalidades que se se\u00f1alan; el tratamiento de datos personales ser\u00e1 el que resulte necesario, adecuado y relevante en relaci\u00f3n con las finalidades previstas en este Aviso de Privacidad, as\u00ed como con los fines distintos que resulten compatibles o complementarios relacionados con los tr\u00e1mites o servicios que se proporcionan.<\/span><\/p><p><span style=\"font-weight: 400;\">\u00bfCon qui\u00e9n compartimos su informaci\u00f3n personal y para qu\u00e9 fines?<\/span><\/p><p><span style=\"font-weight: 400;\">Le informamos que sus datos personales son compartidos dentro y fuera del pa\u00eds con las siguientes personas, empresas, organizaciones y autoridades distintas a nosotros, para los siguientes fines:<\/span><\/p><p><span style=\"font-weight: 400;\">Instituciones Financieras: Con la finalidad de agilizar procesos para pagos.<\/span><\/p><p><span style=\"font-weight: 400;\">Autoridades relacionadas con registro de marcas, patentes, derechos de autor, en M\u00e9xico y en el Extranjero: Con la finalidad de cumplir satisfactoriamente con los datos del titular.<\/span><\/p><p><span style=\"font-weight: 400;\">\u00a0<\/span><\/p><p><span style=\"font-weight: 400;\">\u00bfC\u00f3mo puede acceder, rectificar o cancelar sus datos personales, u oponerse a su uso?<\/span><\/p><p><span style=\"font-weight: 400;\">Usted tiene derecho a conocer qu\u00e9 datos personales tenemos de usted, para qu\u00e9 los utilizamos y las condiciones del uso que les damos (Acceso). Asimismo, es su derecho solicitar la correcci\u00f3n de su informaci\u00f3n personal en caso de que est\u00e9 desactualizada, sea inexacta o incompleta (Rectificaci\u00f3n); que la eliminemos de nuestros registros o bases de datos cuando considere que la misma no est\u00e1 siendo utilizada conforme a los principios, deberes y obligaciones previstas en la normativa (Cancelaci\u00f3n); as\u00ed como oponerse al uso de sus datos personales para fines espec\u00edficos (Oposici\u00f3n). Estos derechos se conocen como derechos ARCO.<\/span><\/p><p><span style=\"font-weight: 400;\">Para el ejercicio de cualquiera de los derechos ARCO, usted deber\u00e1 presentar la solicitud respectiva en Carta Abierta dirigida a Datos Personales TRADEMARK LOVERS.<\/span><\/p><p><span style=\"font-weight: 400;\">Para conocer el procedimiento y requisitos para el ejercicio de los derechos ARCO, usted podr\u00e1 llamar al siguiente n\u00famero telef\u00f3nico (521)5614347136; ingresar a nuestro sitio de Internet <\/span><a href=\"http:\/\/trademarklovers.com\"><span style=\"font-weight: 400;\">http:\/\/trademarklovers.com<\/span><\/a><span style=\"font-weight: 400;\"> a la secci\u00f3n AVISO DE PRIVACIDAD o bien ponerse en contacto con nuestro Departamento de Privacidad, que dar\u00e1 tr\u00e1mite a las solicitudes para el ejercicio de estos derechos, y atender\u00e1 cualquier duda que pudiera tener respecto al tratamiento de su informaci\u00f3n. Los datos de contacto del Departamento de Privacidad son los siguientes:\u00a0<\/span><\/p><p><span style=\"font-weight: 400;\">Unidad de Protecci\u00f3n de Datos de TRADEMARK LOVERS con domicilio en Circuito Cirujanos, Pablo Mendiz\u00e1bal 19-B, Ciudad Sat\u00e9lite, C\u00f3digo Postal 53100, Naucalpan de Ju\u00e1rez, Estado de M\u00e9xico, Tel\u00e9fono 5614347136, correo electr\u00f3nico: <\/span><a href=\"mailto:lrobles@trademarklovers.com\"><span style=\"font-weight: 400;\">lrobles@trademarklovers.com<\/span><\/a><span style=\"font-weight: 400;\"> Atenci\u00f3n Luis Alberto Robles Arzave.<\/span><\/p><p><span style=\"font-weight: 400;\">\u00bfC\u00f3mo puede revocar su consentimiento para el uso de sus datos personales?<\/span><\/p><p><span style=\"font-weight: 400;\">Usted puede revocar el consentimiento que, en su caso, nos haya otorgado para el tratamiento de sus datos personales. Sin embargo, es importante que tenga en cuenta que no en todos los casos podremos atender su solicitud o concluir el uso de forma inmediata, ya que es posible que por alguna obligaci\u00f3n legal requiramos seguir tratando sus datos personales. Asimismo, usted deber\u00e1 considerar que para ciertos fines, la revocaci\u00f3n de su consentimiento implicar\u00e1 que no le podamos seguir prestando el servicio que nos solicit\u00f3, o la conclusi\u00f3n de su relaci\u00f3n con nosotros.<\/span><\/p><p><span style=\"font-weight: 400;\">Para revocar su consentimiento deber\u00e1 presentar su solicitud por escrito o mediante correo electr\u00f3nico en <\/span><a href=\"http:\/\/trademarklovers.com\"><span style=\"font-weight: 400;\">http:\/\/trademarklovers.com<\/span><\/a><span style=\"font-weight: 400;\">.<\/span><\/p><p><span style=\"font-weight: 400;\">Para conocer el procedimiento y requisitos para la revocaci\u00f3n del consentimiento, usted podr\u00e1 llamar al siguiente n\u00famero telef\u00f3nico 5614347136; ingresar a nuestro sitio de Internet <\/span><a href=\"http:\/\/trademarklovers.com\"><span style=\"font-weight: 400;\">http:\/\/trademarklovers.com<\/span><\/a><span style=\"font-weight: 400;\">\u00a0 a la secci\u00f3n AVISO DE PRIVACIDAD, o bien ponerse en contacto con nuestro Departamento de Privacidad.<\/span><\/p><p><span style=\"font-weight: 400;\">\u00bfC\u00f3mo puede limitar el uso o divulgaci\u00f3n de su informaci\u00f3n personal?\u00a0<\/span><\/p><p><span style=\"font-weight: 400;\">Con objeto de que usted pueda limitar el uso y divulgaci\u00f3n de su informaci\u00f3n personal, le ofrecemos los siguientes medios:<\/span><\/p><p><span style=\"font-weight: 400;\">Su inscripci\u00f3n en el Registro P\u00fablico para Evitar Publicidad, que est\u00e1 a cargo de la Procuradur\u00eda Federal del Consumidor, con la finalidad de que sus datos personales no sean utilizados para recibir publicidad o promociones de empresas de bienes o servicios. Para mayor informaci\u00f3n sobre este registro, usted puede consultar el portal de Internet de la PROFECO, o bien ponerse en contacto directo con \u00e9sta.<\/span><\/p><p><span style=\"font-weight: 400;\">El uso de tecnolog\u00edas de rastreo en nuestro portal de Internet<\/span><\/p><p><span style=\"font-weight: 400;\">Le informamos que en nuestra p\u00e1gina de Internet utilizamos cookies, web beacons y otras tecnolog\u00edas a trav\u00e9s de las cuales es posible monitorear su comportamiento como usuario de Internet, as\u00ed como brindarle un mejor servicio y experiencia de usuario al navegar en nuestra p\u00e1gina.<\/span><\/p><p><span style=\"font-weight: 400;\">Los datos personales que obtenemos de estas tecnolog\u00edas de rastreo son los siguientes: Datos de identificaci\u00f3n personal: nombre completo, denominaci\u00f3n o raz\u00f3n social, domicilio, tel\u00e9fono (fijo y m\u00f3vil), correo electr\u00f3nico, firma aut\u00f3grafa, clave del Registro Federal de Contribuyentes (RFC); Clave \u00danica de Registro de Poblaci\u00f3n (CURP), informaci\u00f3n de contacto, estado civil, edad, fecha de nacimiento, nacionalidad. Informaci\u00f3n profesional y laboral. Informaci\u00f3n financiera, bancaria y patrimonial.<\/span><\/p><p><span style=\"font-weight: 400;\">Asimismo, le informamos que compartiremos estos datos con Instituciones Financieras para agilizar sistemas de pagos y financiamientos, en caso de ser necesario.<\/span><\/p><p><span style=\"font-weight: 400;\">Estas tecnolog\u00edas podr\u00e1n deshabilitarse si usted nos env\u00eda un correo electr\u00f3nico en donde manifieste su oposici\u00f3n a compartir datos.<\/span><\/p><p><span style=\"font-weight: 400;\">Para mayor informaci\u00f3n sobre el uso de estas tecnolog\u00edas, puede consultar el sitio de Internet http:\/\/trademarklovers.com\u00a0<\/span><\/p><p><span style=\"font-weight: 400;\">\u00bfC\u00f3mo puede conocer los cambios a este aviso de privacidad?<\/span><\/p><p><span style=\"font-weight: 400;\">El presente aviso de privacidad puede sufrir modificaciones, cambios o actualizaciones derivadas de nuevos requerimientos legales; de nuestras pr\u00e1cticas de privacidad; de cambios en nuestro modelo de negocio, o por otras causas.<\/span><\/p><p><span style=\"font-weight: 400;\">Nos comprometemos a mantenerlo informado sobre los cambios que pueda sufrir el presente aviso de privacidad, a trav\u00e9s de la secci\u00f3n AVISO DE PRIVACIDAD de nuestra p\u00e1gina de internet <\/span><a href=\"http:\/\/trademarklovers.com\"><span style=\"font-weight: 400;\">http:\/\/trademarklovers.com<\/span><\/a><span style=\"font-weight: 400;\"> o bien en las instalaciones de TRADEMARK LOVERS.<\/span><\/p><p><span style=\"font-weight: 400;\">El procedimiento a trav\u00e9s del cual se llevar\u00e1n a cabo las notificaciones sobre cambios o actualizaciones al presente aviso de privacidad es el siguiente: A) enviar correo electr\u00f3nico de oposici\u00f3n de uso o difusi\u00f3n de datos personales al correo electr\u00f3nico <\/span><a href=\"mailto:lrobles@trademarklovers.com\"><span style=\"font-weight: 400;\">lrobles@trademarklovers.com<\/span><\/a><span style=\"font-weight: 400;\"> o en las instalaciones de TRADEMARK LOVERS.\u00a0<\/span><\/p><p><span style=\"font-weight: 400;\">TRADEMARK LOVERS, SOCIEDAD CIVIL, con domicilio en Circuito Cirujanos, Pablo Mendiz\u00e1bal 19-B, Ciudad Sat\u00e9lite, Naucalpan de Ju\u00e1rez, Estado de M\u00e9xico, M\u00e9xico, C\u00f3digo Postal 53100, utilizar\u00e1 sus datos personales recabados para Verificar y confirmar su identidad, para contar con un registro que permita identificar con precisi\u00f3n a quien solicita el tr\u00e1mite o servicio. De manera adicional, utilizaremos su informaci\u00f3n personal para las siguientes finalidades que no son necesarias para el servicio solicitado, pero que nos permiten y facilitan brindarle una mejor atenci\u00f3n. Para mayor informaci\u00f3n acerca del tratamiento y de los derechos que puede hacer valer, usted puede acceder al aviso de privacidad integral a trav\u00e9s de <\/span><a href=\"http:\/\/www.trademarklovers.com\"><span style=\"font-weight: 400;\">www.trademarklovers.com<\/span><\/a><span style=\"font-weight: 400;\">. <\/span><\/p>\t\t\t\t\t\t\t\t<\/div>\n\t\t\t\t<\/div>\n\t\t\t\t\t<\/div>\n\t\t<\/div>\n\t\t\t\t\t<\/div>\n\t\t<\/section>\n\t\t\t\t<\/div>","protected":false},"excerpt":{"rendered":"<p>Aviso de Privacidad TRADEMARK LOVERS, SOCIEDAD CIVIL (TRADEMARK LOVERS), con domicilio en Pafnuncio Padilla No.26 Piso 3 , Ciudad Sat\u00e9lite, Naucalpan de Ju\u00e1rez, Estado de M\u00e9xico, M\u00e9xico, C\u00f3digo Postal 53100, es el responsable del uso y protecci\u00f3n de sus datos personales, y al respecto le informamos lo siguiente: \u00bfPara qu\u00e9 fines utilizaremos sus datos personales? &#8230; <a title=\"Pol\u00edticas de Privacidad\" class=\"read-more\" href=\"https:\/\/tmklovers.com\/en\/politicas-de-privacidad\/\" aria-label=\"Read more about Pol\u00edticas de Privacidad\">Read more<\/a><\/p>","protected":false},"author":4,"featured_media":0,"parent":0,"menu_order":0,"comment_status":"closed","ping_status":"closed","template":"elementor_header_footer","meta":{"footnotes":""},"class_list":["post-2960","page","type-page","status-publish"],"yoast_head":"<!-- This site is optimized with the Yoast SEO plugin v27.5 - https:\/\/yoast.com\/product\/yoast-seo-wordpress\/ -->\n<title>Pol\u00edticas de Privacidad - Apasionados por las marcas<\/title>\n<meta name=\"robots\" content=\"index, follow, max-snippet:-1, max-image-preview:large, max-video-preview:-1\" \/>\n<link rel=\"canonical\" href=\"https:\/\/tmklovers.com\/en\/politicas-de-privacidad\/\" \/>\n<meta property=\"og:locale\" content=\"en_US\" \/>\n<meta property=\"og:type\" content=\"article\" \/>\n<meta property=\"og:title\" content=\"Pol\u00edticas de Privacidad - Apasionados por las marcas\" \/>\n<meta property=\"og:description\" content=\"Aviso de Privacidad TRADEMARK LOVERS, SOCIEDAD CIVIL (TRADEMARK LOVERS), con domicilio en Pafnuncio Padilla No.26 Piso 3 , Ciudad Sat\u00e9lite, Naucalpan de Ju\u00e1rez, Estado de M\u00e9xico, M\u00e9xico, C\u00f3digo Postal 53100, es el responsable del uso y protecci\u00f3n de sus datos personales, y al respecto le informamos lo siguiente: \u00bfPara qu\u00e9 fines utilizaremos sus datos personales? ... Read more\" \/>\n<meta property=\"og:url\" content=\"https:\/\/tmklovers.com\/en\/politicas-de-privacidad\/\" \/>\n<meta property=\"og:site_name\" content=\"Apasionados por las marcas\" \/>\n<meta property=\"article:modified_time\" content=\"2021-06-25T03:40:17+00:00\" \/>\n<meta property=\"og:image\" content=\"https:\/\/tmklovers.com\/wp-content\/uploads\/2021\/06\/favicon1.png\" \/>\n\t<meta property=\"og:image:width\" content=\"200\" \/>\n\t<meta property=\"og:image:height\" content=\"200\" \/>\n\t<meta property=\"og:image:type\" content=\"image\/png\" \/>\n<meta name=\"twitter:card\" content=\"summary_large_image\" \/>\n<meta name=\"twitter:label1\" content=\"Est. reading time\" \/>\n\t<meta name=\"twitter:data1\" content=\"7 minutes\" \/>\n<script type=\"application\/ld+json\" class=\"yoast-schema-graph\">{\"@context\":\"https:\\\/\\\/schema.org\",\"@graph\":[{\"@type\":\"WebPage\",\"@id\":\"https:\\\/\\\/tmklovers.com\\\/politicas-de-privacidad\\\/\",\"url\":\"https:\\\/\\\/tmklovers.com\\\/politicas-de-privacidad\\\/\",\"name\":\"Pol\u00edticas de Privacidad - Apasionados por las marcas\",\"isPartOf\":{\"@id\":\"https:\\\/\\\/tmklovers.com\\\/#website\"},\"datePublished\":\"2021-06-25T03:36:57+00:00\",\"dateModified\":\"2021-06-25T03:40:17+00:00\",\"breadcrumb\":{\"@id\":\"https:\\\/\\\/tmklovers.com\\\/politicas-de-privacidad\\\/#breadcrumb\"},\"inLanguage\":\"en-US\",\"potentialAction\":[{\"@type\":\"ReadAction\",\"target\":[\"https:\\\/\\\/tmklovers.com\\\/politicas-de-privacidad\\\/\"]}]},{\"@type\":\"BreadcrumbList\",\"@id\":\"https:\\\/\\\/tmklovers.com\\\/politicas-de-privacidad\\\/#breadcrumb\",\"itemListElement\":[{\"@type\":\"ListItem\",\"position\":1,\"name\":\"Inicio\",\"item\":\"https:\\\/\\\/tmklovers.com\\\/\"},{\"@type\":\"ListItem\",\"position\":2,\"name\":\"Pol\u00edticas de Privacidad\"}]},{\"@type\":\"WebSite\",\"@id\":\"https:\\\/\\\/tmklovers.com\\\/#website\",\"url\":\"https:\\\/\\\/tmklovers.com\\\/\",\"name\":\"Apasionados por las marcas\",\"description\":\"La forma correcta de registrar tu marca.\",\"publisher\":{\"@id\":\"https:\\\/\\\/tmklovers.com\\\/#organization\"},\"potentialAction\":[{\"@type\":\"SearchAction\",\"target\":{\"@type\":\"EntryPoint\",\"urlTemplate\":\"https:\\\/\\\/tmklovers.com\\\/?s={search_term_string}\"},\"query-input\":{\"@type\":\"PropertyValueSpecification\",\"valueRequired\":true,\"valueName\":\"search_term_string\"}}],\"inLanguage\":\"en-US\"},{\"@type\":\"Organization\",\"@id\":\"https:\\\/\\\/tmklovers.com\\\/#organization\",\"name\":\"Apasionados por las Marcas\",\"url\":\"https:\\\/\\\/tmklovers.com\\\/\",\"logo\":{\"@type\":\"ImageObject\",\"inLanguage\":\"en-US\",\"@id\":\"https:\\\/\\\/tmklovers.com\\\/#\\\/schema\\\/logo\\\/image\\\/\",\"url\":\"https:\\\/\\\/tmklovers.com\\\/wp-content\\\/uploads\\\/2021\\\/06\\\/favicon1.png\",\"contentUrl\":\"https:\\\/\\\/tmklovers.com\\\/wp-content\\\/uploads\\\/2021\\\/06\\\/favicon1.png\",\"width\":200,\"height\":200,\"caption\":\"Apasionados por las Marcas\"},\"image\":{\"@id\":\"https:\\\/\\\/tmklovers.com\\\/#\\\/schema\\\/logo\\\/image\\\/\"}}]}<\/script>\n<!-- \/ Yoast SEO plugin. -->","yoast_head_json":{"title":"Pol\u00edticas de Privacidad - Apasionados por las marcas","robots":{"index":"index","follow":"follow","max-snippet":"max-snippet:-1","max-image-preview":"max-image-preview:large","max-video-preview":"max-video-preview:-1"},"canonical":"https:\/\/tmklovers.com\/en\/politicas-de-privacidad\/","og_locale":"en_US","og_type":"article","og_title":"Pol\u00edticas de Privacidad - Apasionados por las marcas","og_description":"Aviso de Privacidad TRADEMARK LOVERS, SOCIEDAD CIVIL (TRADEMARK LOVERS), con domicilio en Pafnuncio Padilla No.26 Piso 3 , Ciudad Sat\u00e9lite, Naucalpan de Ju\u00e1rez, Estado de M\u00e9xico, M\u00e9xico, C\u00f3digo Postal 53100, es el responsable del uso y protecci\u00f3n de sus datos personales, y al respecto le informamos lo siguiente: \u00bfPara qu\u00e9 fines utilizaremos sus datos personales? ... Read more","og_url":"https:\/\/tmklovers.com\/en\/politicas-de-privacidad\/","og_site_name":"Apasionados por las marcas","article_modified_time":"2021-06-25T03:40:17+00:00","og_image":[{"width":200,"height":200,"url":"https:\/\/tmklovers.com\/wp-content\/uploads\/2021\/06\/favicon1.png","type":"image\/png"}],"twitter_card":"summary_large_image","twitter_misc":{"Est. reading time":"7 minutes"},"schema":{"@context":"https:\/\/schema.org","@graph":[{"@type":"WebPage","@id":"https:\/\/tmklovers.com\/politicas-de-privacidad\/","url":"https:\/\/tmklovers.com\/politicas-de-privacidad\/","name":"Pol\u00edticas de Privacidad - Apasionados por las marcas","isPartOf":{"@id":"https:\/\/tmklovers.com\/#website"},"datePublished":"2021-06-25T03:36:57+00:00","dateModified":"2021-06-25T03:40:17+00:00","breadcrumb":{"@id":"https:\/\/tmklovers.com\/politicas-de-privacidad\/#breadcrumb"},"inLanguage":"en-US","potentialAction":[{"@type":"ReadAction","target":["https:\/\/tmklovers.com\/politicas-de-privacidad\/"]}]},{"@type":"BreadcrumbList","@id":"https:\/\/tmklovers.com\/politicas-de-privacidad\/#breadcrumb","itemListElement":[{"@type":"ListItem","position":1,"name":"Inicio","item":"https:\/\/tmklovers.com\/"},{"@type":"ListItem","position":2,"name":"Pol\u00edticas de Privacidad"}]},{"@type":"WebSite","@id":"https:\/\/tmklovers.com\/#website","url":"https:\/\/tmklovers.com\/","name":"Apasionados por las marcas","description":"La forma correcta de registrar tu marca.","publisher":{"@id":"https:\/\/tmklovers.com\/#organization"},"potentialAction":[{"@type":"SearchAction","target":{"@type":"EntryPoint","urlTemplate":"https:\/\/tmklovers.com\/?s={search_term_string}"},"query-input":{"@type":"PropertyValueSpecification","valueRequired":true,"valueName":"search_term_string"}}],"inLanguage":"en-US"},{"@type":"Organization","@id":"https:\/\/tmklovers.com\/#organization","name":"Apasionados por las Marcas","url":"https:\/\/tmklovers.com\/","logo":{"@type":"ImageObject","inLanguage":"en-US","@id":"https:\/\/tmklovers.com\/#\/schema\/logo\/image\/","url":"https:\/\/tmklovers.com\/wp-content\/uploads\/2021\/06\/favicon1.png","contentUrl":"https:\/\/tmklovers.com\/wp-content\/uploads\/2021\/06\/favicon1.png","width":200,"height":200,"caption":"Apasionados por las Marcas"},"image":{"@id":"https:\/\/tmklovers.com\/#\/schema\/logo\/image\/"}}]}},"_links":{"self":[{"href":"https:\/\/tmklovers.com\/en\/wp-json\/wp\/v2\/pages\/2960","targetHints":{"allow":["GET"]}}],"collection":[{"href":"https:\/\/tmklovers.com\/en\/wp-json\/wp\/v2\/pages"}],"about":[{"href":"https:\/\/tmklovers.com\/en\/wp-json\/wp\/v2\/types\/page"}],"author":[{"embeddable":true,"href":"https:\/\/tmklovers.com\/en\/wp-json\/wp\/v2\/users\/4"}],"replies":[{"embeddable":true,"href":"https:\/\/tmklovers.com\/en\/wp-json\/wp\/v2\/comments?post=2960"}],"version-history":[{"count":4,"href":"https:\/\/tmklovers.com\/en\/wp-json\/wp\/v2\/pages\/2960\/revisions"}],"predecessor-version":[{"id":2965,"href":"https:\/\/tmklovers.com\/en\/wp-json\/wp\/v2\/pages\/2960\/revisions\/2965"}],"wp:attachment":[{"href":"https:\/\/tmklovers.com\/en\/wp-json\/wp\/v2\/media?parent=2960"}],"curies":[{"name":"wp","href":"https:\/\/api.w.org\/{rel}","templated":true}]}}